{"id":85,"date":"2020-12-08T15:48:51","date_gmt":"2020-12-08T14:48:51","guid":{"rendered":"http:\/\/p3038.phpnet.org\/atpme\/?page_id=85"},"modified":"2020-12-17T15:45:10","modified_gmt":"2020-12-17T14:45:10","slug":"nos-engagements","status":"publish","type":"page","link":"https:\/\/www.atpme.fr\/index.php\/vendre-entreprise\/nos-engagements\/","title":{"rendered":"Nos engagements"},"content":{"rendered":"\n<p class=\"has-large-font-size\">Evaluation de l&rsquo;entreprise ou du fonds de commerce, conseils dans la n\u00e9gociation d&rsquo;entreprise<\/p>\n\n\n\n<blockquote class=\"wp-block-quote\"><p>Evaluation de l&rsquo;entreprise ou du fonds de commerce, conseils dans la n\u00e9gociation d&rsquo;entreprise<\/p><\/blockquote>\n\n\n\n<p>Le c\u00e9dant d&rsquo;une entreprise ou d&rsquo;un commerce vend souvent une vie de travail. Il a besoin de cet argent pour sa retraite, installer ses enfants, se faire plaisir car il a beaucoup travaill\u00e9 pr\u00e9c\u00e9demment.<\/p>\n\n\n\n<p>De nombreux dirigeants d&rsquo;entreprises n&rsquo;ont pas compris que la valeur de leur entreprise d\u00e9pend grandement de sa rentabilit\u00e9. Ils ont un tel attachement \u00e0 leur entreprise qu&rsquo;ils surestiment le prix de vente de leur entreprise ou de leur commerce.<\/p>\n\n\n\n<p>Les objectifs de ATPME sont de vendre l&rsquo;entreprise au&nbsp;juste prix de vente et en lui faisant courir le moins de risques possibles.<\/p>\n\n\n\n<p><strong>L&rsquo;\u00e9valuation de l&rsquo;entreprise ou du commerce<\/strong>&nbsp;pour d\u00e9terminer le prix de vente est effectu\u00e9e par les consultants sp\u00e9cialis\u00e9s par secteur d&rsquo;activit\u00e9 et revue par Jean-Paul Debeuret.&nbsp;<strong>Ce processus d&rsquo;\u00e9valuation d&rsquo;entreprise performant permet d&rsquo;offrir les entreprises \u00e0 la vente au juste prix.<\/strong><\/p>\n\n\n\n<p>ATPME est solidaire de son client car il n&rsquo;est r\u00e9mun\u00e9r\u00e9 que par des honoraires de succ\u00e8s, pay\u00e9s par son mandant le jour de la signature d\u00e9finitive des actes juridiques et de l&rsquo;encaissement du prix de vente de l&rsquo;entreprise ou du commerce.<\/p>\n\n\n\n<p>ATPME conseille gratuitement ses futurs clients \u00e0 d\u00e9finir des conditions raisonnables de vente. Dans la majorit\u00e9 des cas, ATPME n\u2019exige pas des mandats exclusifs de vente.<\/p>\n\n\n\n<p>La qualit\u00e9 du service et la volont\u00e9 de r\u00e9ussir constituent les valeurs fondamentales de Jean-Paul Debeuret et de son \u00e9quipe.<\/p>\n","protected":false},"excerpt":{"rendered":"<p>Evaluation de l&rsquo;entreprise ou du fonds de commerce, conseils dans la n\u00e9gociation d&rsquo;entreprise Evaluation de l&rsquo;entreprise ou du fonds de commerce, conseils dans la n\u00e9gociation<\/p>\n","protected":false},"author":1,"featured_media":0,"parent":75,"menu_order":0,"comment_status":"closed","ping_status":"closed","template":"","meta":[],"_links":{"self":[{"href":"https:\/\/www.atpme.fr\/index.php\/wp-json\/wp\/v2\/pages\/85"}],"collection":[{"href":"https:\/\/www.atpme.fr\/index.php\/wp-json\/wp\/v2\/pages"}],"about":[{"href":"https:\/\/www.atpme.fr\/index.php\/wp-json\/wp\/v2\/types\/page"}],"author":[{"embeddable":true,"href":"https:\/\/www.atpme.fr\/index.php\/wp-json\/wp\/v2\/users\/1"}],"replies":[{"embeddable":true,"href":"https:\/\/www.atpme.fr\/index.php\/wp-json\/wp\/v2\/comments?post=85"}],"version-history":[{"count":2,"href":"https:\/\/www.atpme.fr\/index.php\/wp-json\/wp\/v2\/pages\/85\/revisions"}],"predecessor-version":[{"id":193,"href":"https:\/\/www.atpme.fr\/index.php\/wp-json\/wp\/v2\/pages\/85\/revisions\/193"}],"up":[{"embeddable":true,"href":"https:\/\/www.atpme.fr\/index.php\/wp-json\/wp\/v2\/pages\/75"}],"wp:attachment":[{"href":"https:\/\/www.atpme.fr\/index.php\/wp-json\/wp\/v2\/media?parent=85"}],"curies":[{"name":"wp","href":"https:\/\/api.w.org\/{rel}","templated":true}]}}