{"id":75,"date":"2020-12-08T15:26:29","date_gmt":"2020-12-08T14:26:29","guid":{"rendered":"http:\/\/p3038.phpnet.org\/atpme\/?page_id=75"},"modified":"2020-12-18T11:16:51","modified_gmt":"2020-12-18T10:16:51","slug":"vendre-entreprise","status":"publish","type":"page","link":"https:\/\/www.atpme.fr\/index.php\/vendre-entreprise\/","title":{"rendered":"Vendre son commerce ou vendre son entreprise"},"content":{"rendered":"\n<p class=\"has-large-font-size\">Pour r\u00e9ussir \u00e0 bien vendre votre commerce ou votre entreprise,<br>vous devez y \u00eatre pr\u00e9par\u00e9.<\/p>\n\n\n\n<p>Bien souvent,&nbsp;<strong>vendre son commerce ou son entreprise revient \u00e0 vendre une vie de travail<\/strong>.&nbsp;Le produit de la vente du commerce repr\u00e9sente une part significative des revenus futurs.<\/p>\n\n\n\n<p>C\u00e9der son entreprise co\u00efncide pour 70 % des chefs d&rsquo;entreprises avec le d\u00e9part en retraite.<\/p>\n\n\n\n<p>Le choix de<strong>&nbsp;vendre son commerce ou son entreprise<\/strong>&nbsp;\u00e0 un tiers prend en compte 4 \u00e9l\u00e9ments :<\/p>\n\n\n\n<p><strong>1\/<\/strong>&nbsp;l&rsquo;\u00e9limination de la possibilit\u00e9 de transmettre \u00e0 des enfants ou \u00e0 des salari\u00e9s,<br><strong>2\/<\/strong>&nbsp;la p\u00e9rennit\u00e9 de l&rsquo;entreprise et notamment de l&#8217;emploi,<br><strong>3\/<\/strong>&nbsp;l&rsquo;esp\u00e9rance de prix net \u00e0 encaisser,<br><strong>4\/<\/strong>&nbsp;le niveau de risques \u00e0 prendre.<\/p>\n\n\n\n<p>Pour certains secteurs, il est difficile de vendre son commerce. Si l&#8217;emplacement est bon, la vente du droit au bail peut constituer une alternative.<\/p>\n\n\n\n<p>Pour&nbsp;<strong>r\u00e9ussir \u00e0 bien vendre son commerce ou son entreprise<\/strong>, vous devez :<\/p>\n\n\n\n<ul><li>pr\u00e9parer votre vente de commerce ou d&rsquo;entreprise quelques ann\u00e9es avant la cession,<\/li><li>vous faire accompagner par des professionnels,<\/li><li>choisir un&nbsp; interm\u00e9diaire en transmission d&rsquo;entreprises.<\/li><\/ul>\n\n\n\n<p><strong>La pratique de ATPME est claire<\/strong>\u00a0: le cabinet est pay\u00e9 de ses honoraires, fix\u00e9s d&rsquo;avance dans le mandat de vente, quand la vente de l&rsquo;entreprise ou du commerce est r\u00e9alis\u00e9e et le jour de l&rsquo;encaissement du prix de vente.<br><br>Reprendre une entreprise ou un commerce constitue le souhait de nombreuses personnes.<br><br>L&rsquo;\u00e9cart est important entre avoir envie de reprendre une entreprise ou un commerce et poss\u00e9der un projet de reprise clair, structur\u00e9 et avoir les moyens de ses ambitions.<br><br><strong>Le but de ATPME<\/strong>\u00a0est de faire perdre le moins de temps possible aux vendeurs d&rsquo;entreprise ou de commerce et de limiter les risques de perte de confidentialit\u00e9 en leur pr\u00e9sentant des repreneurs qualifi\u00e9s.<br><br>Une<strong>\u00a0reprise \/ transmission d&rsquo;entreprise<\/strong>\u00a0fait intervenir de nombreux param\u00e8tres : Connaissance du m\u00e9tier de l&rsquo;entreprise ou du commerce \u00e0 vendre, Techniques : analyse financi\u00e8re, comptabilit\u00e9, fiscalit\u00e9, droit des affaires&#8230; , Humains et psychologiques.<\/p>\n\n\n\n<hr class=\"wp-block-separator\"\/>\n\n\n\n<p><strong>Jean-Paul Debeuret, le dirigeant de ATPME<\/strong>, de par son ancien m\u00e9tier d&rsquo;expert-comptable, conna\u00eet bien diff\u00e9rents secteurs d&rsquo;activit\u00e9 et ma\u00eetrise les techniques de la reprise \/ transmission d&rsquo;entreprises.<br><strong>Pour avoir n\u00e9goci\u00e9 des centaines de fois des reprises de cabinet<\/strong>&nbsp;<strong>d&rsquo;expertise comptable<\/strong>&nbsp;(le plus important employait 250 salari\u00e9s)<strong>&nbsp;et avoir vendu dans des conditions favorables E3C, Jean-Paul Debeuret conna\u00eet bien les aspects psychologiques et humains de la transmission<\/strong>. Jean-Paul Debeuret s&rsquo;est entour\u00e9 d&rsquo;une&nbsp;<strong>\u00e9quipe de consultants confirm\u00e9s, sp\u00e9cialis\u00e9s en vente d&rsquo;entreprise et en vente de commerce.&nbsp;<\/strong><\/p>\n\n\n\n<hr class=\"wp-block-separator\"\/>\n\n\n\n<p>Un dirigeant d&rsquo;entreprise peut vouloir travailler pour sa transmission d&rsquo;entreprise avec ses conseils habituels en qui il a confiance.<br><br><strong>ATPME<\/strong>&nbsp;a l&rsquo;habitude de s&rsquo;int\u00e9grer ou d&rsquo;\u00eatre chef de file d&rsquo;une \u00e9quipe de conseils. Dans tous les cas,&nbsp;<strong>ATPME<\/strong>&nbsp;exige de ses mandants que les actes juridiques soient revus par un avocat sp\u00e9cialis\u00e9 en droit des affaires et en transmission d&rsquo;entreprises.<br><br><strong>ATPME<\/strong>&nbsp;exige aussi que, d\u00e8s que des n\u00e9gociations s\u00e9rieuses sont engag\u00e9es avec des repreneurs, ceux-ci soient accompagn\u00e9s par des conseils sp\u00e9cialis\u00e9s en transmission d&rsquo;entreprises afin d&rsquo;\u00e9viter des n\u00e9gociations \u00ab\u00a0qui tra\u00eenent\u00a0\u00bb.<\/p>\n","protected":false},"excerpt":{"rendered":"<p>Pour r\u00e9ussir \u00e0 bien vendre votre commerce ou votre entreprise,vous devez y \u00eatre pr\u00e9par\u00e9. Bien souvent,&nbsp;vendre son commerce ou son entreprise revient \u00e0 vendre une<\/p>\n","protected":false},"author":1,"featured_media":0,"parent":0,"menu_order":1,"comment_status":"closed","ping_status":"closed","template":"","meta":[],"_links":{"self":[{"href":"https:\/\/www.atpme.fr\/index.php\/wp-json\/wp\/v2\/pages\/75"}],"collection":[{"href":"https:\/\/www.atpme.fr\/index.php\/wp-json\/wp\/v2\/pages"}],"about":[{"href":"https:\/\/www.atpme.fr\/index.php\/wp-json\/wp\/v2\/types\/page"}],"author":[{"embeddable":true,"href":"https:\/\/www.atpme.fr\/index.php\/wp-json\/wp\/v2\/users\/1"}],"replies":[{"embeddable":true,"href":"https:\/\/www.atpme.fr\/index.php\/wp-json\/wp\/v2\/comments?post=75"}],"version-history":[{"count":7,"href":"https:\/\/www.atpme.fr\/index.php\/wp-json\/wp\/v2\/pages\/75\/revisions"}],"predecessor-version":[{"id":202,"href":"https:\/\/www.atpme.fr\/index.php\/wp-json\/wp\/v2\/pages\/75\/revisions\/202"}],"wp:attachment":[{"href":"https:\/\/www.atpme.fr\/index.php\/wp-json\/wp\/v2\/media?parent=75"}],"curies":[{"name":"wp","href":"https:\/\/api.w.org\/{rel}","templated":true}]}}