{"id":157,"date":"2020-12-11T14:51:13","date_gmt":"2020-12-11T13:51:13","guid":{"rendered":"http:\/\/p3038.phpnet.org\/atpme\/?page_id=157"},"modified":"2024-06-20T11:59:49","modified_gmt":"2024-06-20T09:59:49","slug":"vendre-son-commerce-ou-vendre-son-entreprise","status":"publish","type":"page","link":"https:\/\/www.atpme.fr\/index.php\/vendre-son-commerce-ou-vendre-son-entreprise\/","title":{"rendered":"ATPME &#8211; Acquisition et transmission de pme"},"content":{"rendered":"\n<p class=\"has-large-font-size\">Vendre son commerce ou vendre son entreprise<\/p>\n\n\n\n<blockquote class=\"wp-block-quote\">\n<p><strong><strong>Vous souhaitez vendre votre entreprise ou vendre votre fonds de commerce.<\/strong><\/strong><\/p>\n<\/blockquote>\n\n\n\n<p><strong>ATPME a r\u00e9alis\u00e9 r\u00e9cemment les ventes suivantes :<\/strong><\/p>\n\n\n\n<p><strong>Garage :&nbsp;<\/strong>CA 2 300 000 \/ 10 salari\u00e9s<strong><br>Bureau d&rsquo;\u00e9tudes BTP :<\/strong>&nbsp;CA 900 000 \/ 8 salari\u00e9s<br><strong>Mara\u00eechage et horticulture :<\/strong>&nbsp;CA 30 000 000 \/ 200 salari\u00e9s<strong><br>Supermarch\u00e9s Bio :&nbsp;<\/strong>CA 5 000 000 \/ 30 salari\u00e9s<br><strong>Blanchisserie :&nbsp;<\/strong>CA 1 400 000 \/ 18 salari\u00e9s<\/p>\n\n\n\n<p><strong>Pour vendre&nbsp;son entreprise ou&nbsp;son fonds de commerce efficacement, les consultants de ATPME sont sp\u00e9cialis\u00e9s par secteur d&rsquo;activit\u00e9.<\/strong><\/p>\n\n\n\n<hr class=\"wp-block-separator has-css-opacity\"\/>\n\n\n\n<p><strong>ATPME<\/strong>&nbsp;a \u00e9t\u00e9 cr\u00e9\u00e9 et est anim\u00e9 par&nbsp;<strong>Jean-Paul Debeuret<\/strong>.<\/p>\n\n\n\n<p>Dipl\u00f4m\u00e9 d&rsquo;expertise comptable, apr\u00e8s 12 ans de salariat, il s&rsquo;installe \u00e0 son compte pour cr\u00e9er E3C. En 15 ans,&nbsp;<strong>Jean-Paul Debeuret<\/strong>&nbsp;r\u00e9alise 60 op\u00e9rations de reprise de cabinets d\u2019expertise comptable pour faire de E3C le troisi\u00e8me cabinet fran\u00e7ais (14 000 clients, 700 collaborateurs, 80 bureaux en France et dans les DOM).<\/p>\n\n\n\n<p>Poss\u00e9dant 98 % du capital de E3C, n&rsquo;ayant pas d&rsquo;enfants experts-comptables,&nbsp;<strong>Jean-Paul Debeuret<\/strong>&nbsp;vend E3C au deuxi\u00e8me cabinet fran\u00e7ais fin 2001.<\/p>\n\n\n\n<p>En 2003,\u00a0<strong>Jean-Paul Debeuret<\/strong>\u00a0cr\u00e9e la\u00a0<strong>Caravane des Entrepreneurs<\/strong>,\u00a0p\u00f4le itin\u00e9rant d&rsquo;expertise en reprise \/ transmission d&rsquo;entreprise.<\/p>\n","protected":false},"excerpt":{"rendered":"<p>Vendre son commerce ou vendre son entreprise Vous souhaitez vendre votre entreprise ou vendre votre fonds de commerce. ATPME a r\u00e9alis\u00e9 r\u00e9cemment les ventes suivantes<\/p>\n","protected":false},"author":1,"featured_media":0,"parent":0,"menu_order":0,"comment_status":"closed","ping_status":"closed","template":"","meta":[],"_links":{"self":[{"href":"https:\/\/www.atpme.fr\/index.php\/wp-json\/wp\/v2\/pages\/157"}],"collection":[{"href":"https:\/\/www.atpme.fr\/index.php\/wp-json\/wp\/v2\/pages"}],"about":[{"href":"https:\/\/www.atpme.fr\/index.php\/wp-json\/wp\/v2\/types\/page"}],"author":[{"embeddable":true,"href":"https:\/\/www.atpme.fr\/index.php\/wp-json\/wp\/v2\/users\/1"}],"replies":[{"embeddable":true,"href":"https:\/\/www.atpme.fr\/index.php\/wp-json\/wp\/v2\/comments?post=157"}],"version-history":[{"count":5,"href":"https:\/\/www.atpme.fr\/index.php\/wp-json\/wp\/v2\/pages\/157\/revisions"}],"predecessor-version":[{"id":296,"href":"https:\/\/www.atpme.fr\/index.php\/wp-json\/wp\/v2\/pages\/157\/revisions\/296"}],"wp:attachment":[{"href":"https:\/\/www.atpme.fr\/index.php\/wp-json\/wp\/v2\/media?parent=157"}],"curies":[{"name":"wp","href":"https:\/\/api.w.org\/{rel}","templated":true}]}}