{"id":105,"date":"2020-12-08T17:14:49","date_gmt":"2020-12-08T16:14:49","guid":{"rendered":"http:\/\/p3038.phpnet.org\/atpme\/?page_id=105"},"modified":"2020-12-23T10:34:33","modified_gmt":"2020-12-23T09:34:33","slug":"reprise-entreprise-ou-reprise-commerce","status":"publish","type":"page","link":"https:\/\/www.atpme.fr\/index.php\/reprise-entreprise-ou-reprise-commerce\/","title":{"rendered":"Mandats"},"content":{"rendered":"\n<p class=\"has-huge-font-size\">Les mandats de reprise d&rsquo;entreprise ou de commerce sont r\u00e9partis en 6 cat\u00e9gories :<\/p>\n\n\n\n<p>Les mandats pr\u00e9sent\u00e9s ont \u00e9t\u00e9 n\u00e9goci\u00e9s avec les c\u00e9dants ou en cours de n\u00e9gociation.<br>Le r\u00e9sultat annonc\u00e9 est le r\u00e9sultat comptable retrait\u00e9 afin d&rsquo;arriver \u00e0 un r\u00e9sultat \u00e9conomique net d&rsquo;imp\u00f4ts.&nbsp;&nbsp;<\/p>\n\n\n<ul class=\"wp-block-categories-list wp-block-categories\">\t<li class=\"cat-item cat-item-8\"><a href=\"https:\/\/www.atpme.fr\/index.php\/category\/batiment\/\">B\u00e2timent<\/a>\n<\/li>\n\t<li class=\"cat-item cat-item-4\"><a href=\"https:\/\/www.atpme.fr\/index.php\/category\/cession-pme\/\">Cession PME &#8211; Toutes activit\u00e9s<\/a>\n<\/li>\n\t<li class=\"cat-item cat-item-17\"><a href=\"https:\/\/www.atpme.fr\/index.php\/category\/negoce-grossiste\/\">N\u00e9goce \/ grossiste<\/a>\n<\/li>\n\t<li class=\"cat-item cat-item-29\"><a href=\"https:\/\/www.atpme.fr\/index.php\/category\/services-aux-entreprises\/\">Services aux entreprises<\/a>\n<\/li>\n\t<li class=\"cat-item cat-item-20\"><a href=\"https:\/\/www.atpme.fr\/index.php\/category\/travaux-publics\/\">Travaux publics<\/a>\n<\/li>\n<\/ul>\n\n\n<p><strong>Si vous \u00eates int\u00e9ress\u00e9 par une reprise d&rsquo;entreprise ou une reprise de commerce :<\/strong><\/p>\n\n\n\n<p>Soit vous avez d\u00e9j\u00e0 envoy\u00e9 le\u00a0<a href=\"https:\/\/www.atpme.fr\/index.php\/formulaire-de-telechargement-de-document\/\">Dossier de pr\u00e9sentation de votre projet de reprise d&rsquo;entreprise ou de reprise de commerce<\/a>\u00a0et les documents annex\u00e9s (CV pour une personne physique ou bilan + Kbis + cotation Banque de France pour une personne morale), dans ce cas, envoyez un mail \u00e0\u00a0<a href=\"mailto:alacomme@forces.fr?subject=projet%20de%20reprise%20d%27entreprise%20ou%20de%20reprise%20de%20commerce\">alacomme@forces.fr<\/a>\u00a0qui vous mettra en relation avec le consultant responsable du mandat.<\/p>\n\n\n\n<p>Soit vous n&rsquo;avez pas envoy\u00e9 les documents pr\u00e9cit\u00e9s,\u00a0cliquez pour t\u00e9l\u00e9charger <a href=\"https:\/\/www.atpme.fr\/index.php\/formulaire-de-telechargement-de-document\/\">Dossier de pr\u00e9sentation de votre projet de reprise d&rsquo;entreprise ou de reprise de commerce<\/a>. Vous devez l&rsquo;envoyer accompagn\u00e9 des documents annex\u00e9s (CV pour une personne physique ou bilan + Kbis + cotation Banque de France pour une personne morale), par courrier \u00e0 :<br><br>Aur\u00e9lie Poilpray-Lacomme<br>ATPME,<br>15 Place de l&rsquo;H\u00f4tel de Ville<br>78500 Sartrouville <\/p>\n\n\n\n<p>A r\u00e9ception, le consultant responsable du mandat vous contactera.<br>&nbsp;<br>Merci d&rsquo;avance de votre coop\u00e9ration.<\/p>\n","protected":false},"excerpt":{"rendered":"<p>Les mandats de reprise d&rsquo;entreprise ou de commerce sont r\u00e9partis en 6 cat\u00e9gories : Les mandats pr\u00e9sent\u00e9s ont \u00e9t\u00e9 n\u00e9goci\u00e9s avec les c\u00e9dants ou en<\/p>\n","protected":false},"author":1,"featured_media":0,"parent":0,"menu_order":0,"comment_status":"closed","ping_status":"closed","template":"","meta":[],"_links":{"self":[{"href":"https:\/\/www.atpme.fr\/index.php\/wp-json\/wp\/v2\/pages\/105"}],"collection":[{"href":"https:\/\/www.atpme.fr\/index.php\/wp-json\/wp\/v2\/pages"}],"about":[{"href":"https:\/\/www.atpme.fr\/index.php\/wp-json\/wp\/v2\/types\/page"}],"author":[{"embeddable":true,"href":"https:\/\/www.atpme.fr\/index.php\/wp-json\/wp\/v2\/users\/1"}],"replies":[{"embeddable":true,"href":"https:\/\/www.atpme.fr\/index.php\/wp-json\/wp\/v2\/comments?post=105"}],"version-history":[{"count":5,"href":"https:\/\/www.atpme.fr\/index.php\/wp-json\/wp\/v2\/pages\/105\/revisions"}],"predecessor-version":[{"id":206,"href":"https:\/\/www.atpme.fr\/index.php\/wp-json\/wp\/v2\/pages\/105\/revisions\/206"}],"wp:attachment":[{"href":"https:\/\/www.atpme.fr\/index.php\/wp-json\/wp\/v2\/media?parent=105"}],"curies":[{"name":"wp","href":"https:\/\/api.w.org\/{rel}","templated":true}]}}